{"id":7,"date":"2022-05-23T08:10:49","date_gmt":"2022-05-23T06:10:49","guid":{"rendered":"https:\/\/andaletech.org\/?page_id=7"},"modified":"2022-10-19T19:28:32","modified_gmt":"2022-10-19T17:28:32","slug":"accueil","status":"publish","type":"page","link":"https:\/\/andaletech.org\/","title":{"rendered":"Accueil"},"content":{"rendered":"\n<p>Bienvenue chez Andaletech.<br>Une id\u00e9e \u00e0 d\u00e9velopper, des carences sur un de vos projets, des solutions en manque d&rsquo;innovation : nous trouverons une solution adapt\u00e9e \u00e0 votre besoin.<\/p>\n\n\n\n<p>Alors n&rsquo;h\u00e9sitez pas, contactez-nous !<\/p>\n","protected":false},"excerpt":{"rendered":"<p>Bienvenue chez Andaletech.Une id\u00e9e \u00e0 d\u00e9velopper, des carences sur un de vos projets, des solutions en manque d&rsquo;innovation : nous trouverons une solution adapt\u00e9e \u00e0 votre besoin. Alors n&rsquo;h\u00e9sitez pas, contactez-nous !<\/p>\n","protected":false},"author":1,"featured_media":0,"parent":0,"menu_order":0,"comment_status":"closed","ping_status":"closed","template":"","meta":{"footnotes":""},"class_list":["post-7","page","type-page","status-publish","hentry"],"_links":{"self":[{"href":"https:\/\/andaletech.org\/index.php\/wp-json\/wp\/v2\/pages\/7","targetHints":{"allow":["GET"]}}],"collection":[{"href":"https:\/\/andaletech.org\/index.php\/wp-json\/wp\/v2\/pages"}],"about":[{"href":"https:\/\/andaletech.org\/index.php\/wp-json\/wp\/v2\/types\/page"}],"author":[{"embeddable":true,"href":"https:\/\/andaletech.org\/index.php\/wp-json\/wp\/v2\/users\/1"}],"replies":[{"embeddable":true,"href":"https:\/\/andaletech.org\/index.php\/wp-json\/wp\/v2\/comments?post=7"}],"version-history":[{"count":4,"href":"https:\/\/andaletech.org\/index.php\/wp-json\/wp\/v2\/pages\/7\/revisions"}],"predecessor-version":[{"id":36,"href":"https:\/\/andaletech.org\/index.php\/wp-json\/wp\/v2\/pages\/7\/revisions\/36"}],"wp:attachment":[{"href":"https:\/\/andaletech.org\/index.php\/wp-json\/wp\/v2\/media?parent=7"}],"curies":[{"name":"wp","href":"https:\/\/api.w.org\/{rel}","templated":true}]}}